{"id":925,"date":"2025-04-07T10:51:58","date_gmt":"2025-04-07T08:51:58","guid":{"rendered":"https:\/\/www.chateaudevayres.com\/privacy-policy\/"},"modified":"2025-05-19T21:23:06","modified_gmt":"2025-05-19T19:23:06","slug":"privacy-policy","status":"publish","type":"page","link":"https:\/\/www.chateaudevayres.com\/en\/privacy-policy\/","title":{"rendered":"Privacy Policy"},"content":{"rendered":"<p>\n&#13;\n<h2 class=\"wp-block-heading\" style=\"text-align: left;\" align=\"center\">PRIVACY POLICY<\/h2>&#13;\n<p style=\"text-align: justify;\" align=\"center\">Soucieux de pr\u00e9server votre vie priv\u00e9e, le Ch\u00e2teau de Vayres, \u00e9tabli au sein de l\u2019Union europ\u00e9enne, met tout en \u0153uvre pour prot\u00e9ger la confidentialit\u00e9 de vos informations personnelles. La pr\u00e9sente politique de confidentialit\u00e9 a pour but de vous informer sur la mani\u00e8re dont le Ch\u00e2teau de Vayres traite vos informations personnelles recueillies par le biais de son site internet www.chateaudevayres.com dans le cadre de la fourniture de ses diff\u00e9rents services.<\/p>&#13;\n<p align=\"center\">\u00a0<\/p>&#13;\n<h2 style=\"text-align: left;\" align=\"center\">HOW DOES THE CH\u00c2TEAU DE VAYRES TAKE PERSONAL DATA PROTECTION INTO ACCOUNT?<\/h2>&#13;\n<p style=\"text-align: justify;\" align=\"center\">Afin de prot\u00e9ger la confidentialit\u00e9 de vos donn\u00e9es personnelles, le Ch\u00e2teau de Vayres, s\u2019engage \u00e0 ne pas divulguer, ne pas transmettre, ni partager vos donn\u00e9es personnelles avec d\u2019autres entit\u00e9s, entreprises ou organismes, quels qu\u2019ils soient, conform\u00e9ment au R\u00e8glement G\u00e9n\u00e9ral de Protection des Donn\u00e9es (RGPD) sur la protection des donn\u00e9es personnelles.<\/p>&#13;\n<p align=\"center\">\u00a0<\/p>&#13;\n<h2 style=\"text-align: left;\" align=\"center\">WHAT PERSONAL DATA IS USED?<\/h2>&#13;\n<p style=\"text-align: justify;\" align=\"center\">Les donn\u00e9es personnelles recueillies dans le formulaire \u00ab contact \u00bb du site www.chateaudevayres.com sont utilis\u00e9es et seulement utilis\u00e9es afin que notre \u00e9quipe prenne contact avec vous, suite \u00e0 votre demande. Les informations recueillies sur ce formulaire sont transmises \u00e0 l\u2019\u00e9quipe du Ch\u00e2teau de Vayres, qui vous r\u00e9pondra et vous communiquera les informations demand\u00e9es li\u00e9es aux services et prestations propos\u00e9s, en relation avec votre demande. En cochant la case de consentement obligatoire avant soumission de chaque formulaire du site web www.chateaudevayres.com (\u00ab J\u2019accepte que le Ch\u00e2teau de Vayres collecte et utilise les donn\u00e9es personnelles que je viens de renseigner dans ce formulaire, en accord avec la politique de confidentialit\u00e9 du site.) vous autorisez explicitement l\u2019utilisation de vos donn\u00e9es (nom, pr\u00e9nom, t\u00e9l\u00e9phone, email ) dans le but de r\u00e9pondre \u00e0 votre demande de contact. Vous autorisez le Ch\u00e2teau de Vayres :<\/p>&#13;\n<p style=\"text-align: justify;\" align=\"center\">\u2022 \u00e0 vous contacter pour \u00e9tablir la relation commerciale <br\/>\u2022 \u00e0 vous communiquer des informations personnalis\u00e9es sur ses services en r\u00e9ponse \u00e0 votre demande Des questions ?<\/p>&#13;\n<p style=\"text-align: justify;\" align=\"center\">Vous pouvez nous appeler directement au 05 57 84 96 58. Nous r\u00e9pondrons ainsi \u00e0 vos questions par t\u00e9l\u00e9phone.<\/p>&#13;\n<p align=\"center\">\u00a0<\/p>&#13;\n<h2 style=\"text-align: left;\" align=\"center\">TO WHICH SERVICES OR COMPANIES IS YOUR PERSONAL DATA SHARED?<\/h2>&#13;\n<p style=\"text-align: justify;\" align=\"center\">Les donn\u00e9es personnelles collect\u00e9es sont destin\u00e9es au Ch\u00e2teau de Vayres, afin d\u2019assurer les missions et services dans le cadre de son activit\u00e9. Aucune de vos donn\u00e9es personnelles n\u2019est transmise \u00e0 des services commerciaux en dehors de l\u2019achat de billets via www.billetweb.fr Si l\u2019acheteur d\u2019un billet cr\u00e9e un compte acheteur lors de sa commande, il autorise Billetweb \u00e0 collecter, conserver et retraiter les donn\u00e9es fournies par l\u2019acheteur afin notamment d\u2019\u00eatre en mesure de les restituer lors d\u2019un prochain achat. Ces donn\u00e9es sont conserv\u00e9es pendant une dur\u00e9e de 5 ans \u00e0 compter du dernier achat r\u00e9alis\u00e9 par l\u2019acheteur. Les donn\u00e9es trait\u00e9es peuvent aussi \u00eatre transmises aux autorit\u00e9s administratives \u00e0 la suite de leur demande, dans le cadre de proc\u00e9dures et de recherches judiciaires, ou pour satisfaire aux obligations r\u00e9glementaires du Ch\u00e2teau de Vayres. Le Ch\u00e2teau de Vayres s\u2019engage \u00e0 ne pas vendre, \u00e9changer, louer ou transf\u00e9rer vos donn\u00e9es personnelles d\u2019une quelconque autre mani\u00e8re, sans votre consentement qui aura \u00e9t\u00e9 donn\u00e9 apr\u00e8s que vous ayez re\u00e7u une information pr\u00e9alable.<\/p>&#13;\n<p align=\"center\">\u00a0<\/p>&#13;\n<h2 style=\"text-align: left;\" align=\"center\">CAN YOUR PERSONAL DATA BE TRANSFERRED OUTSIDE THE EUROPEAN UNION?<\/h2>&#13;\n<p style=\"text-align: justify;\" align=\"center\">L\u2019ensemble des traitements de vos donn\u00e9es personnelles sont r\u00e9alis\u00e9s au sein du Ch\u00e2teau de Vayres sur le territoire de l\u2019Union Europ\u00e9enne (EU).<\/p>&#13;\n<p align=\"center\">\u00a0<\/p>&#13;\n<h2 style=\"text-align: left;\" align=\"center\">HOW LONG IS YOUR PERSONAL DATA RETAINED?<\/h2>&#13;\n<p style=\"text-align: justify;\" align=\"center\">Le Ch\u00e2teau de Vayres s\u2019engage \u00e0 ne pas conserver vos Donn\u00e9es Personnelles au-del\u00e0 de la dur\u00e9e n\u00e9cessaire \u00e0 la fourniture du service, augment\u00e9e de la dur\u00e9e de conservation impos\u00e9e par les r\u00e8gles applicables en mati\u00e8re de prescription l\u00e9gale. Les donn\u00e9es personnelles transmises depuis les formulaires de \u00ab contact \u00bb du site www.chateaudevayres.com (Nom, pr\u00e9nom, adresse email) sont accessibles uniquement par le Ch\u00e2teau de Vayres et ne sont pas conserv\u00e9es apr\u00e8s la r\u00e9ponse apport\u00e9e par le Ch\u00e2teau de Vayres.<\/p>&#13;\n<p align=\"center\">\u00a0<\/p>&#13;\n<h2 style=\"text-align: left;\" align=\"center\">IS YOUR PERSONAL DATA PROTECTED?<\/h2>&#13;\n<p style=\"text-align: justify;\" align=\"center\">Le Ch\u00e2teau de Vayres s\u2019engage \u00e0 prendre toutes mesures afin d\u2019assurer la s\u00e9curit\u00e9 et la confidentialit\u00e9 des Donn\u00e9es Personnelles et notamment \u00e0 emp\u00eacher qu\u2019elles ne soient endommag\u00e9es, effac\u00e9es ou que des tiers non autoris\u00e9s y aient acc\u00e8s. Par ailleurs, en cas d\u2019incident de s\u00e9curit\u00e9 affectant vos Donn\u00e9es Personnelles (destruction, perte, alt\u00e9ration ou divulgation), le Ch\u00e2teau de Vayres s\u2019engage \u00e0 respecter l\u2019obligation de notification des violations de Donn\u00e9es Personnelles, notamment aupr\u00e8s de la CNIL.<\/p>&#13;\n<p align=\"center\">\u00a0<\/p>&#13;\n<h2 style=\"text-align: left;\" align=\"center\">WHAT ARE YOUR RIGHTS AND HOW CAN YOU EXERCISE THEM?<\/h2>&#13;\n<p style=\"text-align: justify;\" align=\"center\">Vous disposez d\u2019un droit d\u2019acc\u00e8s, de rectification, de modification, et de suppression concernant les donn\u00e9es personnelles vous concernant et d\u00e9tenues par le Ch\u00e2teau de Vayres. Vous pouvez demander une copie de vos donn\u00e9es personnelles (la portabilit\u00e9). Vous avez le droit de vous opposer aux traitements r\u00e9alis\u00e9s ou d\u2019en demander la limitation. Vous pouvez \u00e9galement \u00e9mettre des directives sur la conservation, la suppression ou la communication de vos donn\u00e9es personnelles apr\u00e8s votre d\u00e9c\u00e8s. Pour exercer vos droits sur vos donn\u00e9es personnelles, vous pouvez contacter \u00e0 tout moment, le responsable de Protection des Donn\u00e9es personnelles du Ch\u00e2teau de Vayres.<\/p>&#13;\n<ul><li style=\"text-align: justify;\">\u00a0Par email \u00e0 l\u2019adresse contact@chateaudevayres.com<\/li>&#13;\n<li style=\"text-align: justify;\">Par voie postale \u00e0 l\u2019adresse Ch\u00e2teau de Vayres 33870 Vayres (Recommand\u00e9 avec accus\u00e9 de r\u00e9ception).<\/li>&#13;\n<li style=\"text-align: justify;\">Par t\u00e9l\u00e9phone au : 05 57 84 96 58<\/li>&#13;\n<li style=\"text-align: justify;\">Sur place \u00e0 l\u2019adresse suivante Ch\u00e2teau de Vayres 33870 Vayres<\/li>&#13;\n<\/ul><p style=\"text-align: justify;\" align=\"center\">Toute demande d\u2019exercice de vos droits doit \u00eatre accompagn\u00e9e de la photocopie d\u2019un justificatif d\u2019identit\u00e9 (carte nationale d\u2019identit\u00e9 d\u00e9livr\u00e9e par l\u2019Etat fran\u00e7ais ou carte d\u2019identit\u00e9 de l\u2019union Europ\u00e9enne, passeport, carte de r\u00e9sident d\u00e9livr\u00e9e par l\u2019Etat fran\u00e7ais, carte de s\u00e9jour d\u00e9livr\u00e9e par l\u2019Etat fran\u00e7ais ou livret de circulation d\u00e9livr\u00e9 par l\u2019Etat fran\u00e7ais). Une r\u00e9ponse vous sera adress\u00e9e dans un d\u00e9lai d\u2019un mois maximum \u00e0 compter de la r\u00e9ception de votre demande. (Deux mois si la demande est de nature complexe).<\/p>&#13;\n<p align=\"center\">\u00a0<\/p>&#13;\n<h2 style=\"text-align: left;\" align=\"center\">QUESTIONS ABOUT THE PROTECTION OF YOUR PERSONAL DATA?<\/h2>&#13;\n<p style=\"text-align: justify;\" align=\"center\">Si vous avez des questions concernant la protection et la s\u00e9curit\u00e9 de vos donn\u00e9es personnelles, vous pouvez contacter le responsable du Ch\u00e2teau de Vayres \u00e0 l\u2019adresse suivante :<\/p>&#13;\n<ul><li style=\"text-align: justify;\">Par email \u00e0 l\u2019adresse contact@chateaudevayres.com<\/li>&#13;\n<li style=\"text-align: justify;\">Par voie postale \u00e0 l\u2019adresse Ch\u00e2teau de Vayres 33870 Vayres<\/li>&#13;\n<li style=\"text-align: justify;\">Par t\u00e9l\u00e9phone au : 05 57 84 96 58<\/li>&#13;\n<\/ul><p style=\"text-align: justify;\" align=\"center\">Certifications pour la billetterie en ligne Billetweb a obtenu la certification de conformit\u00e9 \u00e0 la l\u00e9gislation sur la billetterie CONTROLTICK\u00ae le 7\/12\/2017 Billetweb est enregistr\u00e9 en tant que Mandataire non exclusif en op\u00e9rations de banque et en services de paiement aupr\u00e8s de l\u2019ORIAS sous l\u2019immatriculation 18000507 Protection des donn\u00e9es personnelles \u2013 RGPD Billetweb collecte des donn\u00e9es relatives aux acheteurs de billets pour le compte des organisateurs d\u2019\u00e9v\u00e9nements. Les organisateurs d\u00e9finissent les donn\u00e9es \u00e0 collecter, sont propri\u00e9taires des donn\u00e9es collect\u00e9es et sont responsables de la bonne utilisation de ces donn\u00e9es. Billetweb n\u2019exploite ni ne c\u00e8de ces donn\u00e9es en aucune fa\u00e7on. Le d\u00e9lai de conservation des donn\u00e9es sur notre syst\u00e8me est fix\u00e9 \u00e0 5 ans apr\u00e8s la fin de l\u2019\u00e9v\u00e9nement et peut \u00eatre r\u00e9duit par l\u2019organisateur. Billetweb collecte des donn\u00e9es relatives aux organisateurs qui mettent en ligne leurs \u00e9v\u00e9nements afin de r\u00e9pondre aux contraintes l\u00e9gales et de r\u00e9aliser la promotion des \u00e9v\u00e9nements aupr\u00e8s des acheteurs. Les donn\u00e9es \u00ab organisateurs \u00bb recueillies par Billetweb ne sont ni c\u00e9d\u00e9es ni vendues \u00e0 des tiers. Dans le cadre de la v\u00e9rification de l\u2019identit\u00e9 des organisateurs impos\u00e9e par l\u2019Article L561-5 du Code mon\u00e9taire et financier, Billetweb transmet lesdits documents \u00e0 son partenaire bancaire Lemonway et ce pour la seule ex\u00e9cution des Services de paiement. Si l\u2019acheteur cr\u00e9e un compte acheteur lors de sa commande, il autorise Billetweb \u00e0 collecter, conserver et retraiter les donn\u00e9es fournies par l\u2019acheteur afin notamment d\u2019\u00eatre en mesure de les restituer lors d\u2019un prochain achat. Ces donn\u00e9es sont conserv\u00e9es pendant une dur\u00e9e de 5 ans \u00e0 compter du dernier achat r\u00e9alis\u00e9 par l\u2019acheteur.<\/p>&#13;\n<p align=\"center\">\u00a0<\/p>&#13;\n<h2 style=\"text-align: left;\" align=\"center\">USE OF COOKIES<\/h2>&#13;\n<p style=\"text-align: justify;\" align=\"center\">Pour faciliter votre navigation et \u00e9tablir des statistiques de visite du site www.chateaudevayres.com, le pr\u00e9sent site utilise des cookies. Il s\u2019agit de petits fichiers textes stock\u00e9s sur votre disque dur afin d\u2019enregistrer des donn\u00e9es techniques sur votre navigation. Aucune information personnelle n\u2019est enregistr\u00e9e par ce syst\u00e8me de cookies, et ceux-ci n\u2019ont aucune signification en dehors de l\u2019utilisation qui en est faite par le site www.chateaudevayres.com.<\/p>","protected":false},"excerpt":{"rendered":"<p>&#13; PRIVACY POLICY &#13; Soucieux de pr\u00e9server votre vie priv\u00e9e, le Ch\u00e2teau de Vayres, \u00e9tabli au sein de l\u2019Union europ\u00e9enne, met tout en \u0153uvre pour prot\u00e9ger la confidentialit\u00e9 de vos informations personnelles. La pr\u00e9sente politique de confidentialit\u00e9 a pour but de vous informer sur la mani\u00e8re dont le Ch\u00e2teau de Vayres traite vos informations personnelles&hellip;<\/p>\n","protected":false},"author":1,"featured_media":0,"parent":0,"menu_order":0,"comment_status":"closed","ping_status":"open","template":"","meta":{"footnotes":""},"class_list":["post-925","page","type-page","status-publish","hentry","description-off"],"yoast_head":"<!-- This site is optimized with the Yoast SEO plugin v27.2 - https:\/\/yoast.com\/product\/yoast-seo-wordpress\/ -->\n<title>Privacy Policy of Ch\u00e2teau de Vayres.<\/title>\n<meta name=\"description\" content=\"Privacy Policy of the Ch\u00e2teau de Vayres: our commitment guarantees the absolute protection of your personal data!\" \/>\n<meta name=\"robots\" content=\"index, follow, max-snippet:-1, max-image-preview:large, max-video-preview:-1\" \/>\n<link rel=\"canonical\" href=\"https:\/\/www.chateaudevayres.com\/en\/privacy-policy\/\" \/>\n<meta property=\"og:locale\" content=\"en_US\" \/>\n<meta property=\"og:type\" content=\"article\" \/>\n<meta property=\"og:title\" content=\"Privacy Policy of Ch\u00e2teau de Vayres.\" \/>\n<meta property=\"og:description\" content=\"Privacy Policy of the Ch\u00e2teau de Vayres: our commitment guarantees the absolute protection of your personal data!\" \/>\n<meta property=\"og:url\" content=\"https:\/\/www.chateaudevayres.com\/en\/privacy-policy\/\" \/>\n<meta property=\"og:site_name\" content=\"Cha\u0302teau De Vayres\" \/>\n<meta property=\"article:modified_time\" content=\"2025-05-19T19:23:06+00:00\" \/>\n<meta name=\"twitter:card\" content=\"summary_large_image\" \/>\n<meta name=\"twitter:label1\" content=\"Est. reading time\" \/>\n\t<meta name=\"twitter:data1\" content=\"8 minutes\" \/>\n<script type=\"application\/ld+json\" class=\"yoast-schema-graph\">{\"@context\":\"https:\/\/schema.org\",\"@graph\":[{\"@type\":\"WebPage\",\"@id\":\"https:\/\/www.chateaudevayres.com\/en\/privacy-policy\/\",\"url\":\"https:\/\/www.chateaudevayres.com\/en\/privacy-policy\/\",\"name\":\"Privacy Policy of Ch\u00e2teau de Vayres.\",\"isPartOf\":{\"@id\":\"https:\/\/www.chateaudevayres.com\/en\/#website\"},\"datePublished\":\"2025-04-07T08:51:58+00:00\",\"dateModified\":\"2025-05-19T19:23:06+00:00\",\"description\":\"Privacy Policy of the Ch\u00e2teau de Vayres: our commitment guarantees the absolute protection of your personal data!\",\"breadcrumb\":{\"@id\":\"https:\/\/www.chateaudevayres.com\/en\/privacy-policy\/#breadcrumb\"},\"inLanguage\":\"en-US\",\"potentialAction\":[{\"@type\":\"ReadAction\",\"target\":[\"https:\/\/www.chateaudevayres.com\/en\/privacy-policy\/\"]}]},{\"@type\":\"BreadcrumbList\",\"@id\":\"https:\/\/www.chateaudevayres.com\/en\/privacy-policy\/#breadcrumb\",\"itemListElement\":[{\"@type\":\"ListItem\",\"position\":1,\"name\":\"Accueil\",\"item\":\"https:\/\/www.chateaudevayres.com\/en\/\"},{\"@type\":\"ListItem\",\"position\":2,\"name\":\"Privacy Policy\"}]},{\"@type\":\"WebSite\",\"@id\":\"https:\/\/www.chateaudevayres.com\/en\/#website\",\"url\":\"https:\/\/www.chateaudevayres.com\/en\/\",\"name\":\"Cha\u0302teau De Vayres\",\"description\":\"\",\"potentialAction\":[{\"@type\":\"SearchAction\",\"target\":{\"@type\":\"EntryPoint\",\"urlTemplate\":\"https:\/\/www.chateaudevayres.com\/en\/?s={search_term_string}\"},\"query-input\":{\"@type\":\"PropertyValueSpecification\",\"valueRequired\":true,\"valueName\":\"search_term_string\"}}],\"inLanguage\":\"en-US\"}]}<\/script>\n<!-- \/ Yoast SEO plugin. -->","yoast_head_json":{"title":"Privacy Policy of Ch\u00e2teau de Vayres.","description":"Privacy Policy of the Ch\u00e2teau de Vayres: our commitment guarantees the absolute protection of your personal data!","robots":{"index":"index","follow":"follow","max-snippet":"max-snippet:-1","max-image-preview":"max-image-preview:large","max-video-preview":"max-video-preview:-1"},"canonical":"https:\/\/www.chateaudevayres.com\/en\/privacy-policy\/","og_locale":"en_US","og_type":"article","og_title":"Privacy Policy of Ch\u00e2teau de Vayres.","og_description":"Privacy Policy of the Ch\u00e2teau de Vayres: our commitment guarantees the absolute protection of your personal data!","og_url":"https:\/\/www.chateaudevayres.com\/en\/privacy-policy\/","og_site_name":"Cha\u0302teau De Vayres","article_modified_time":"2025-05-19T19:23:06+00:00","twitter_card":"summary_large_image","twitter_misc":{"Est. reading time":"8 minutes"},"schema":{"@context":"https:\/\/schema.org","@graph":[{"@type":"WebPage","@id":"https:\/\/www.chateaudevayres.com\/en\/privacy-policy\/","url":"https:\/\/www.chateaudevayres.com\/en\/privacy-policy\/","name":"Privacy Policy of Ch\u00e2teau de Vayres.","isPartOf":{"@id":"https:\/\/www.chateaudevayres.com\/en\/#website"},"datePublished":"2025-04-07T08:51:58+00:00","dateModified":"2025-05-19T19:23:06+00:00","description":"Privacy Policy of the Ch\u00e2teau de Vayres: our commitment guarantees the absolute protection of your personal data!","breadcrumb":{"@id":"https:\/\/www.chateaudevayres.com\/en\/privacy-policy\/#breadcrumb"},"inLanguage":"en-US","potentialAction":[{"@type":"ReadAction","target":["https:\/\/www.chateaudevayres.com\/en\/privacy-policy\/"]}]},{"@type":"BreadcrumbList","@id":"https:\/\/www.chateaudevayres.com\/en\/privacy-policy\/#breadcrumb","itemListElement":[{"@type":"ListItem","position":1,"name":"Accueil","item":"https:\/\/www.chateaudevayres.com\/en\/"},{"@type":"ListItem","position":2,"name":"Privacy Policy"}]},{"@type":"WebSite","@id":"https:\/\/www.chateaudevayres.com\/en\/#website","url":"https:\/\/www.chateaudevayres.com\/en\/","name":"Cha\u0302teau De Vayres","description":"","potentialAction":[{"@type":"SearchAction","target":{"@type":"EntryPoint","urlTemplate":"https:\/\/www.chateaudevayres.com\/en\/?s={search_term_string}"},"query-input":{"@type":"PropertyValueSpecification","valueRequired":true,"valueName":"search_term_string"}}],"inLanguage":"en-US"}]}},"_links":{"self":[{"href":"https:\/\/www.chateaudevayres.com\/en\/wp-json\/wp\/v2\/pages\/925","targetHints":{"allow":["GET"]}}],"collection":[{"href":"https:\/\/www.chateaudevayres.com\/en\/wp-json\/wp\/v2\/pages"}],"about":[{"href":"https:\/\/www.chateaudevayres.com\/en\/wp-json\/wp\/v2\/types\/page"}],"author":[{"embeddable":true,"href":"https:\/\/www.chateaudevayres.com\/en\/wp-json\/wp\/v2\/users\/1"}],"replies":[{"embeddable":true,"href":"https:\/\/www.chateaudevayres.com\/en\/wp-json\/wp\/v2\/comments?post=925"}],"version-history":[{"count":3,"href":"https:\/\/www.chateaudevayres.com\/en\/wp-json\/wp\/v2\/pages\/925\/revisions"}],"predecessor-version":[{"id":1026,"href":"https:\/\/www.chateaudevayres.com\/en\/wp-json\/wp\/v2\/pages\/925\/revisions\/1026"}],"wp:attachment":[{"href":"https:\/\/www.chateaudevayres.com\/en\/wp-json\/wp\/v2\/media?parent=925"}],"curies":[{"name":"wp","href":"https:\/\/api.w.org\/{rel}","templated":true}]}}